{"id":11172,"date":"2024-04-17T12:23:06","date_gmt":"2024-04-17T17:23:06","guid":{"rendered":"https:\/\/pazcondios.com\/?page_id=11172"},"modified":"2024-04-20T21:24:34","modified_gmt":"2024-04-21T02:24:34","slug":"depresion-y-el-evangelio-un-seminario-especial","status":"publish","type":"page","link":"https:\/\/pazcondios.com\/?page_id=11172","title":{"rendered":"Depresi\u00f3n y el Evangelio: Un Seminario Especial"},"content":{"rendered":"<blockquote><p>En este seminario, vemos la realidad de la depresi\u00f3n, y tambi\u00e9n como luchar con el Evangelio cuando nos encontramos en momentos de depresi\u00f3n y melancol\u00eda.<\/p><\/blockquote>\n<h2>Episodio 1: \u00bfQu\u00e9 debe un Cristiano pensar de la Depresi\u00f3n?<\/h2>\n<div class=\"youtube\" data-embed=\"S4Hrm1gx2_Q\" data-alt=\"video thumbnail\" data-params=\"autoplay=0\">\n\t<div class=\"play\"><\/div>\n<\/div>\n<h2>Episodio 2: \u00bfC\u00f3mo Luchar contra la Depresi\u00f3n?<\/h2>\n<div class=\"youtube\" data-embed=\"TO0al-4rICE\" data-alt=\"video thumbnail\" data-params=\"autoplay=0\">\n\t<div class=\"play\"><\/div>\n<\/div>\n","protected":false},"excerpt":{"rendered":"<p>En este seminario, vemos la realidad de la depresi\u00f3n, y tambi\u00e9n como luchar con el Evangelio cuando nos encontramos en momentos de depresi\u00f3n y melancol\u00eda. Episodio 1: \u00bfQu\u00e9 debe un Cristiano pensar de la Depresi\u00f3n? Episodio 2: \u00bfC\u00f3mo Luchar contra la Depresi\u00f3n?<\/p>\n","protected":false},"author":1,"featured_media":0,"parent":5121,"menu_order":0,"comment_status":"closed","ping_status":"closed","template":"","meta":{"jetpack_post_was_ever_published":false,"footnotes":""},"class_list":["post-11172","page","type-page","status-publish"],"jetpack_sharing_enabled":true,"jetpack_shortlink":"https:\/\/wp.me\/P6g7I5-2Uc","_links":{"self":[{"href":"https:\/\/pazcondios.com\/index.php?rest_route=\/wp\/v2\/pages\/11172","targetHints":{"allow":["GET"]}}],"collection":[{"href":"https:\/\/pazcondios.com\/index.php?rest_route=\/wp\/v2\/pages"}],"about":[{"href":"https:\/\/pazcondios.com\/index.php?rest_route=\/wp\/v2\/types\/page"}],"author":[{"embeddable":true,"href":"https:\/\/pazcondios.com\/index.php?rest_route=\/wp\/v2\/users\/1"}],"replies":[{"embeddable":true,"href":"https:\/\/pazcondios.com\/index.php?rest_route=%2Fwp%2Fv2%2Fcomments&post=11172"}],"version-history":[{"count":3,"href":"https:\/\/pazcondios.com\/index.php?rest_route=\/wp\/v2\/pages\/11172\/revisions"}],"predecessor-version":[{"id":11181,"href":"https:\/\/pazcondios.com\/index.php?rest_route=\/wp\/v2\/pages\/11172\/revisions\/11181"}],"up":[{"embeddable":true,"href":"https:\/\/pazcondios.com\/index.php?rest_route=\/wp\/v2\/pages\/5121"}],"wp:attachment":[{"href":"https:\/\/pazcondios.com\/index.php?rest_route=%2Fwp%2Fv2%2Fmedia&parent=11172"}],"curies":[{"name":"wp","href":"https:\/\/api.w.org\/{rel}","templated":true}]}}