{"id":2508,"date":"2011-03-20T09:13:07","date_gmt":"2011-03-20T14:13:07","guid":{"rendered":"http:\/\/s245038382.onlinehome.us\/PazConDiosWP\/?page_id=2508"},"modified":"2020-05-27T21:14:50","modified_gmt":"2020-05-28T02:14:50","slug":"miproximopaso","status":"publish","type":"page","link":"https:\/\/pazcondios.com\/?page_id=2508","title":{"rendered":"Mi Pr\u00f3ximo Paso (\u00a1Nueva Edici\u00f3n!)"},"content":{"rendered":"<p><a href=\"https:\/\/recursos.pazcondios.com\/libros\/mpp\/MPP_Manuscrito_Nueva_Edicion.pdf\" target=\"_blank\" rel=\"noopener noreferrer\">\u00a1Descargar el libro electr\u00f3nico completamente gratis!<\/a><\/p>\n<h3>Video de introducci\u00f3n<\/h3>\n<p><center><br \/>\n<iframe loading=\"lazy\" title=\"Mi Pr\u00f3ximo Paso -- \u00a1La nueva edici\u00f3n!\" width=\"500\" height=\"281\" src=\"https:\/\/www.youtube.com\/embed\/xJimlTBd8dQ?feature=oembed\" frameborder=\"0\" allow=\"accelerometer; autoplay; clipboard-write; encrypted-media; gyroscope; picture-in-picture; web-share\" referrerpolicy=\"strict-origin-when-cross-origin\" allowfullscreen><\/iframe><br \/>\n<\/center><\/p>\n<p><a href=\"https:\/\/recursos.pazcondios.com\/libros\/mpp\/MPP_Manuscrito_Nueva_Edicion.pdf\" target=\"_blank\" rel=\"noopener noreferrer\">\u00a1Descargar el libro electr\u00f3nico completamente gratis!<\/a><\/p>\n<p><center><br \/>\n<a href=\"https:\/\/recursos.pazcondios.com\/libros\/mpp\/MPP_Manuscrito_Nueva_Edicion.pdf\" target=\"_blank\" rel=\"noopener noreferrer\"><img decoding=\"async\" class=\"\" style=\"border: 1px solid black;\" src=\"http:\/\/imagenes.pazcondios.com\/mpp_portada.png\" alt=\"\" border=\"1\"><\/a><br \/>\n<\/center><\/p>\n<h3>Lea el libro<\/h3>\n<p>Estamos <strong>regalando<\/strong> el libro digital<br \/>\n<em>(Nada mas pedimos que los compartes gratuitamente tambi\u00e9n.)<\/em><\/p>\n<p><a href=\"https:\/\/recursos.pazcondios.com\/libros\/mpp\/MPP_Manuscrito_Nueva_Edicion.pdf\" target=\"_blank\" rel=\"noopener noreferrer\">\u00a1Descargar el libro electr\u00f3nico completamente gratis!<\/a><\/p>\n<p>Acabamos de lanzar la nueva edici\u00f3n de un libro cl\u00e1sico de PazConDios. M\u00e1s que unos pocos cambios, para esta nueva edici\u00f3n hemos vuelto a escribir la mayor\u00eda de este libro.<\/p>\n<p>Mi Pr\u00f3ximo Paso contiene una gu\u00eda precisa de c\u00f3mo vivir como un hijo de Dios. Traza el camino de la vida cristiana por exponer y explicar las disciplinas esenciales que juntas nos llevan a caminarlo fielmente y siempre acercarnos m\u00e1s a la meta de ser como Cristo.<\/p>\n<p>Este libro es para el nuevo creyente, y tambi\u00e9n para aquel que tiene muchos a\u00f1os en la fe. Puede ser le\u00eddo s\u00f3lo o con otro en un estudio de discipulado, o usado como el curriculum  de una clase o grupo peque\u00f1o.<\/p>\n<p>Al final de cuentas, el prop\u00f3sito de este libro es ayudarnos a acercarnos m\u00e1s a Dios, imitar mejor a Jes\u00fas y vivir nuestra vida para la gloria eterna de nuestro Se\u00f1or.<\/p>\n<p><a href=\"https:\/\/recursos.pazcondios.com\/libros\/mpp\/MPP_Manuscrito_Nueva_Edicion.pdf\" target=\"_blank\" rel=\"noopener noreferrer\">\u00a1Descargar el libro electr\u00f3nico completamente gratis!<\/a><\/p>\n<p>Usted puede escuchar la grabaci\u00f3n de los cap\u00edtulos, o leer los estudios solo o con otras personas. Una muy buena forma de estudiar este libro es escuchar el audio, y despu\u00e9s repasar el estudio y las preguntas con una persona m\u00e1s.  Y lo mejor de todo: estamos <strong>regalando<\/strong> el libro digital y todos los recursos digitales. &nbsp; <em>(Nada mas pedimos que los compartes gratuitamente tambi\u00e9n.)<\/em><\/p>\n<h3>Descargarlo gratuitamente<\/h3>\n<p>E-libro: <a href=\"https:\/\/recursos.pazcondios.com\/libros\/mpp\/MPP_Manuscrito_Nueva_Edicion.pdf\" target=\"_blank\" rel=\"noopener noreferrer\">Descargar el libro<\/a><\/p>\n<h3>Usa el libro en tu ministerio<\/h3>\n<p>\u00bfTe gustar\u00eda usar Mi Pr\u00f3ximo Paso en tu iglesia? Lo puedes utilizar para una serie de sermones y tambi\u00e9n como un estudio para el discipulado uno a uno.<\/p>\n<p><a href=\"https:\/\/recursos.pazcondios.com\/libros\/mpp\/MPP_Manuscrito_Nueva_Edicion.pdf\" target=\"_blank\" rel=\"noopener noreferrer\">\u00a1Descargar el libro electr\u00f3nico completamente gratis!<\/a><\/p>\n<h3>Comp\u00e1rtalo<\/h3>\n<p>\u00bfPodr\u00edas ayudarnos? \u00bfPodr\u00edas compartir este libro con otras personas?<\/p>\n<p><center><br \/>\n<img decoding=\"async\" style=\"width: 50%;\" src=\"http:\/\/imagenes.pazcondios.com\/mpp_compartir.png\"><br \/>\n<\/center><br \/>\n<center><a target=\"_blank\" href=\"https:\/\/pinterest.com\/pin\/create\/button\/?url=http%3A\/\/pazcondios.com\/?page_id=2508&amp;media=http%3A\/\/imagenes.pazcondios.com\/mpp_compartir.png&amp;description=Mi%20Proximo%20Paso,%20un%20nuevo%20libro%20electr%C3%B3nico%20gratis%20en%20www.PazConDios.com,%20\" rel=\"noopener noreferrer\"><i style=\"padding-right:40px; color:red;\" class=\"fa fa-pinterest-p fa-3x\"><\/i><\/a><a target=\"_blank\" href=\"https:\/\/twitter.com\/intent\/retweet?tweet_id=1265827747781398528\" rel=\"noopener noreferrer\"><i style=\"padding-right:40px; color:red;\" class=\"fa fa-twitter fa-3x\"><\/i><\/a><!--<a target=\"_blank\" href=\"https:\/\/www.facebook.com\/permalink.php?story_fbid=1735849839797160&amp;id=124996204215873#\" rel=\"noopener noreferrer\"><i style=\"padding-right:40px; color:red;\" class=\"fa fa-facebook-official fa-3x\"><\/i><\/a>--><\/center><\/p>\n<h3>Audio-libro (primera edici\u00f3n)<\/h3>\n<p>Descargar el audio-libro: <a href=\"https:\/\/audio.pazcondios.com\/libros\/mpp\/mpp_1.mp3\" target=\"_blank\" rel=\"noopener noreferrer\">Cap\u00edtulo 1<\/a> <a href=\"https:\/\/audio.pazcondios.com\/libros\/mpp\/mpp_2.mp3\" target=\"_blank\" rel=\"noopener noreferrer\">Cap\u00edtulo 2<\/a> <a href=\"https:\/\/audio.pazcondios.com\/libros\/mpp\/mpp_3.mp3\" target=\"_blank\" rel=\"noopener noreferrer\">Cap\u00edtulo 3<\/a> <a href=\"https:\/\/audio.pazcondios.com\/libros\/mpp\/mpp_4.mp3\" target=\"_blank\" rel=\"noopener noreferrer\">Cap\u00edtulo&nbsp;4<\/a> <a href=\"https:\/\/audio.pazcondios.com\/libros\/mpp\/mpp_5.mp3\" target=\"_blank\" rel=\"noopener noreferrer\">Cap\u00edtulo&nbsp;5<\/a><\/p>\n","protected":false},"excerpt":{"rendered":"<p>\u00a1Descargar el libro electr\u00f3nico completamente gratis! Video de introducci\u00f3n \u00a1Descargar el libro electr\u00f3nico completamente gratis! Lea el libro Estamos regalando el libro digital (Nada mas pedimos que los compartes gratuitamente tambi\u00e9n.) \u00a1Descargar el libro electr\u00f3nico completamente gratis! Acabamos de lanzar la nueva edici\u00f3n de un libro cl\u00e1sico de PazConDios. M\u00e1s que unos pocos cambios, para [&hellip;]<\/p>\n","protected":false},"author":1,"featured_media":0,"parent":5095,"menu_order":0,"comment_status":"closed","ping_status":"closed","template":"","meta":{"jetpack_post_was_ever_published":false,"footnotes":""},"class_list":["post-2508","page","type-page","status-publish"],"jetpack_sharing_enabled":true,"jetpack_shortlink":"https:\/\/wp.me\/P6g7I5-Es","_links":{"self":[{"href":"https:\/\/pazcondios.com\/index.php?rest_route=\/wp\/v2\/pages\/2508","targetHints":{"allow":["GET"]}}],"collection":[{"href":"https:\/\/pazcondios.com\/index.php?rest_route=\/wp\/v2\/pages"}],"about":[{"href":"https:\/\/pazcondios.com\/index.php?rest_route=\/wp\/v2\/types\/page"}],"author":[{"embeddable":true,"href":"https:\/\/pazcondios.com\/index.php?rest_route=\/wp\/v2\/users\/1"}],"replies":[{"embeddable":true,"href":"https:\/\/pazcondios.com\/index.php?rest_route=%2Fwp%2Fv2%2Fcomments&post=2508"}],"version-history":[{"count":34,"href":"https:\/\/pazcondios.com\/index.php?rest_route=\/wp\/v2\/pages\/2508\/revisions"}],"predecessor-version":[{"id":8364,"href":"https:\/\/pazcondios.com\/index.php?rest_route=\/wp\/v2\/pages\/2508\/revisions\/8364"}],"up":[{"embeddable":true,"href":"https:\/\/pazcondios.com\/index.php?rest_route=\/wp\/v2\/pages\/5095"}],"wp:attachment":[{"href":"https:\/\/pazcondios.com\/index.php?rest_route=%2Fwp%2Fv2%2Fmedia&parent=2508"}],"curies":[{"name":"wp","href":"https:\/\/api.w.org\/{rel}","templated":true}]}}