{"id":33,"date":"2011-02-12T15:05:21","date_gmt":"2011-02-12T20:05:21","guid":{"rendered":"http:\/\/s245038382.onlinehome.us\/PazConDiosWP\/?page_id=33"},"modified":"2024-06-14T20:21:14","modified_gmt":"2024-06-15T01:21:14","slug":"quienes-somos","status":"publish","type":"page","link":"https:\/\/pazcondios.com\/?page_id=33","title":{"rendered":"\u00bfQui\u00e9nes Somos?"},"content":{"rendered":"<p>En PazConDios, proveemos recursos para l\u00edderes en la iglesia. Nuestra misi\u00f3n es capacitar a l\u00edderes en la iglesia a equipar a los miembros de su iglesia para hacer la obra del ministerio.<\/p>\n<p><em>Efesios 4:11-13<br \/>\n11 Y El dio a algunos el ser ap\u00f3stoles, a otros profetas, a otros evangelistas, a otros pastores y maestros, 12 a fin de capacitar a los santos para la obra del ministerio, para la edificaci\u00f3n del cuerpo de Cristo; 13 hasta que todos lleguemos a la unidad de la fe y del pleno conocimiento del Hijo de Dios, a la condici\u00f3n de un hombre maduro, a la medida de la estatura de la plenitud de Cristo.<\/em><\/p>\n<p>PazConDios es un ministerio de la Iglesia de la Comunidad. La Iglesia de la Comunidad es una iglesia independiente, plantada en la comunidad Hispana en Lincoln, NE.<\/p>\n<h2>Conozca el equipo de PazConDios:<\/h2>\n<h4>Felipe Canarsky<\/h4>\n<p>Felipe es el comunicador principal de PazConDios. Criado en Lincoln, NE USA; Felipe fue misionero en Honduras y all\u00ed aprendi\u00f3 Espa\u00f1ol. Actualmente, Felipe est\u00e1 plantando una iglesia en la comunidad hispana en su cuidad natal de Lincoln. Est\u00e1 casado con Jacqueline, y ellos tienen dos hijos.<\/p>\n<h4>Jacqueline Canarsky<\/h4>\n<p>Actualmente, Jacqueline reside en Lincoln, NE, donde se dedica a su hogar, cr\u00edar y educar a sus hijos y a plantar la iglesia con su esposo.<\/p>\n","protected":false},"excerpt":{"rendered":"<p>En PazConDios, proveemos recursos para l\u00edderes en la iglesia. Nuestra misi\u00f3n es capacitar a l\u00edderes en la iglesia a equipar a los miembros de su iglesia para hacer la obra del ministerio. Efesios 4:11-13 11 Y El dio a algunos el ser ap\u00f3stoles, a otros profetas, a otros evangelistas, a otros pastores y maestros, 12 [&hellip;]<\/p>\n","protected":false},"author":1,"featured_media":0,"parent":0,"menu_order":0,"comment_status":"open","ping_status":"open","template":"","meta":{"jetpack_post_was_ever_published":false,"footnotes":""},"class_list":["post-33","page","type-page","status-publish"],"jetpack_sharing_enabled":true,"jetpack_shortlink":"https:\/\/wp.me\/P6g7I5-x","_links":{"self":[{"href":"https:\/\/pazcondios.com\/index.php?rest_route=\/wp\/v2\/pages\/33","targetHints":{"allow":["GET"]}}],"collection":[{"href":"https:\/\/pazcondios.com\/index.php?rest_route=\/wp\/v2\/pages"}],"about":[{"href":"https:\/\/pazcondios.com\/index.php?rest_route=\/wp\/v2\/types\/page"}],"author":[{"embeddable":true,"href":"https:\/\/pazcondios.com\/index.php?rest_route=\/wp\/v2\/users\/1"}],"replies":[{"embeddable":true,"href":"https:\/\/pazcondios.com\/index.php?rest_route=%2Fwp%2Fv2%2Fcomments&post=33"}],"version-history":[{"count":6,"href":"https:\/\/pazcondios.com\/index.php?rest_route=\/wp\/v2\/pages\/33\/revisions"}],"predecessor-version":[{"id":11248,"href":"https:\/\/pazcondios.com\/index.php?rest_route=\/wp\/v2\/pages\/33\/revisions\/11248"}],"wp:attachment":[{"href":"https:\/\/pazcondios.com\/index.php?rest_route=%2Fwp%2Fv2%2Fmedia&parent=33"}],"curies":[{"name":"wp","href":"https:\/\/api.w.org\/{rel}","templated":true}]}}