{"id":4472,"date":"2014-11-23T11:08:51","date_gmt":"2014-11-23T16:08:51","guid":{"rendered":"http:\/\/pazcondios.com\/?page_id=4472"},"modified":"2015-05-26T22:25:31","modified_gmt":"2015-05-27T03:25:31","slug":"4472-2","status":"publish","type":"page","link":"https:\/\/pazcondios.com\/?page_id=4472","title":{"rendered":"PazConDios: <br>Recursos Gratis para Tu Ministerio"},"content":{"rendered":"<p>Es dif\u00edcil ser l\u00edder en la iglesia. Nos desanimamos, tenemos que preparar nuevos mensajes cada semana y llevamos muchas cargas.<\/p>\n<p>En PazConDios, nosotros queremos ayudarte en tu ministerio; queremos darte ideas, recursos y \u00e1nimo. <\/p>\n<p>En las p\u00e1ginas de PazConDios, encontrar\u00e1s una gran variedad de recursos que te animar\u00e1n y ayudar\u00e1n. Aqu\u00ed, puedes conseguir:<\/p>\n<ul>\n<li><strong>Manuscritos<\/strong> de sermones que puedes usar este domingo<\/li>\n<li><strong>Seminarios <\/strong>para equipar y refrescar el l\u00edder<\/li>\n<li><strong>Libros <\/strong>electr\u00f3nicos que puedes dar a los miembros de tu iglesia<\/li>\n<li><strong>Art\u00edculos <\/strong>con nuevas ideas y palabras de \u00e1nimo para el l\u00edder<\/li>\n<\/ul>\n<p>\u00a1Y <strong>TODO<\/strong> es completamente <strong>gratis<\/strong>! <\/p>\n<p>Adem\u00e1s, <strong>cada semana<\/strong> publicamos nuevos recursos. En este sitio, siempre encontrar\u00e1s algo nuevo que puedes usar en tu ministerio. <\/p>\n<h2>Inscribirte a PazConDios<\/h2>\n<p>Te invitamos a <strong>inscribirte <\/strong>a la lista de PazConDios. As\u00ed, te avisaremos cada vez que publicamos nuevos recursos que puedes usar en tu ministerio. <\/p>\n<p><b>\u00a1Y te regalaremos el libro electr\u00f3nico S\u00edgueme!<\/b><\/p>\n<p>[madmimi id=6 title=false]<\/p>\n<div style=\"text-align:center;width:100%\"><img decoding=\"async\" style=\"display: block; border:1px solid black;   margin-left: auto;  margin-right: auto\" src=\"http:\/\/imagenes.pazcondios.com\/sigueme_es.jpg\"\/><\/div>\n<h2>Capacitando l\u00edderes<br \/>para equipar a la iglesia<\/h2>\n<p>Ser l\u00edder en la iglesia no es f\u00e1cil. Hay desanimos; siempre se necesitan ideas para nuevos mensajes; es dif\u00edcil equipar y motivar a las dem\u00e1s personas; uno se siente s\u00f3lo. <\/p>\n<p>En PazConDios, <strong>queremos ayudarte en tu ministerio<\/strong>. Queremos darte recursos que puedes usar, queremos darte sermones que puedes predicar, queremos darte entrenamiento y \u00e1nimo en el camino. <\/p>\n<p>Entonces, en este sitio ofrecemos muchos recursos para ayudarte en tu liderazgo. Y cada semana, publicamos nuevo material que puedes usar. Algunos de los recursos que ofrecemos son:<\/p>\n<ul>\n<li>Libros para el discipulado, evangelismo y preparaci\u00f3n espiritual<\/li>\n<li>Videos de entrenamiento para l\u00edderes<\/li>\n<li>Seminarios<\/li>\n<li>Art\u00edculos<\/li>\n<li>Mensajes (pr\u00e9dicas o sermones) con video, audio y manuscritos<\/li>\n<li>Gu\u00edas de estudio para grupos peque\u00f1os<\/li>\n<\/ul>\n<h2>Inscribirte a PazConDios<\/h2>\n<p>Cada semana publicamos nuevos recursos que puedes utilizar en tu ministerio. Te invitamos a inscribirte a la lista de PazConDios para que te podamos mantener informado de los nuevos recursos cuando salen.<\/p>\n<p>[madmimi id=6 title=false]<\/p>\n<h2>Completamente gratis<\/h2>\n<p>Nuestra misi\u00f3n es capacitar a l\u00edderes en la iglesia a equipar a los miembros de su iglesia para hacer la obra del ministerio. Por lo tanto, ofrecemos todos nuestros recursos <strong>completamente gratis<\/strong> y sin costo alguno. Deseamos colaborar contigo en tu ministerio, no quitarte algo.<\/p>\n<h2>\u00a1Conseguir el libro electr\u00f3nico<br \/>S\u00edgueme completamente gratis!<\/h2>\n<div style=\"text-align:center;width:100%\"><img decoding=\"async\" style=\"display: block; border:1px solid black;   margin-left: auto;  margin-right: auto\" src=\"http:\/\/imagenes.pazcondios.com\/sigueme_es.jpg\"\/><\/div>\n<p>E inscribirte a la lista de PazConDios. Te avisaremos cada vez que publicamos nuevos recursos que puedes usar en tu ministerio. As\u00ed nunca perder\u00e1s el nuevo libro, seminario o mensaje.<\/p>\n<p>[madmimi id=6 title=false]<br \/><\/p>\n","protected":false},"excerpt":{"rendered":"<p>Es dif\u00edcil ser l\u00edder en la iglesia. Nos desanimamos, tenemos que preparar nuevos mensajes cada semana y llevamos muchas cargas. En PazConDios, nosotros queremos ayudarte en tu ministerio; queremos darte ideas, recursos y \u00e1nimo. En las p\u00e1ginas de PazConDios, encontrar\u00e1s una gran variedad de recursos que te animar\u00e1n y ayudar\u00e1n. Aqu\u00ed, puedes conseguir: Manuscritos de [&hellip;]<\/p>\n","protected":false},"author":1,"featured_media":0,"parent":0,"menu_order":0,"comment_status":"open","ping_status":"open","template":"","meta":{"jetpack_post_was_ever_published":false,"footnotes":""},"class_list":["post-4472","page","type-page","status-publish"],"jetpack_sharing_enabled":true,"jetpack_shortlink":"https:\/\/wp.me\/P6g7I5-1a8","_links":{"self":[{"href":"https:\/\/pazcondios.com\/index.php?rest_route=\/wp\/v2\/pages\/4472","targetHints":{"allow":["GET"]}}],"collection":[{"href":"https:\/\/pazcondios.com\/index.php?rest_route=\/wp\/v2\/pages"}],"about":[{"href":"https:\/\/pazcondios.com\/index.php?rest_route=\/wp\/v2\/types\/page"}],"author":[{"embeddable":true,"href":"https:\/\/pazcondios.com\/index.php?rest_route=\/wp\/v2\/users\/1"}],"replies":[{"embeddable":true,"href":"https:\/\/pazcondios.com\/index.php?rest_route=%2Fwp%2Fv2%2Fcomments&post=4472"}],"version-history":[{"count":39,"href":"https:\/\/pazcondios.com\/index.php?rest_route=\/wp\/v2\/pages\/4472\/revisions"}],"predecessor-version":[{"id":5132,"href":"https:\/\/pazcondios.com\/index.php?rest_route=\/wp\/v2\/pages\/4472\/revisions\/5132"}],"wp:attachment":[{"href":"https:\/\/pazcondios.com\/index.php?rest_route=%2Fwp%2Fv2%2Fmedia&parent=4472"}],"curies":[{"name":"wp","href":"https:\/\/api.w.org\/{rel}","templated":true}]}}