{"id":5121,"date":"2015-05-22T19:58:24","date_gmt":"2015-05-23T00:58:24","guid":{"rendered":"http:\/\/pazcondios.com\/?page_id=5121"},"modified":"2025-11-10T20:57:02","modified_gmt":"2025-11-11T02:57:02","slug":"seminarios-en-linea","status":"publish","type":"page","link":"https:\/\/pazcondios.com\/?page_id=5121","title":{"rendered":"Seminarios En L\u00ednea"},"content":{"rendered":"<p>Para ayudarte en tu ministerio, publicamos seminarios en l\u00ednea. Los puedes ver en cualquier momento que deseas, y compartir con otros l\u00edderes o miembros de tu iglesia. Todos son completamente gratis.<\/p>\n<h2><a href=\"https:\/\/pazcondios.com\/?page_id=11772\">Seminario: Preocupaci\u00f3n, Ansiedad y el Evangelio<\/a><\/h2>\n<blockquote><p>Todos pasamos por muchos momentos en que sentimos preocupaciones, ansiedades y a\u00fan depresi\u00f3n. Y todos luchamos por saber c\u00f3mo enfrentar estas en emociones, especialmente de una manera que agrada a Dios. En este seminario, aprendemos c\u00f3mo dar gloria a Dios en nuestros momentos m\u00e1s oscuros. Aprendemos que el Evangelio es la clave para vivir como hijos de Dios, a\u00fan cuando sentimos muy mal.<\/p><\/blockquote>\n<p>&nbsp;<\/p>\n<p>&nbsp;<\/p>\n<h2><a href=\"https:\/\/pazcondios.com\/?page_id=11748\">Seminario: Soltero o Casado para la Gloria de Dios<\/a><\/h2>\n<blockquote><p>Todos nos encontramos o solteros o casados. Y todos \u2014 a veces \u2014 nos frustramos con lo que viene con nuestro estado: El soltero quiere casarse, y el casado quisiera que su matrimonio fuera diferente. En este seminario, vemos la ra\u00edz de nuestra frustraci\u00f3n, y aprendemos c\u00f3mo dar gloria a Dios siendo solteros o casados, en nuestra soledad o en nuestro matrimonio.<\/p><\/blockquote>\n<p>&nbsp;<\/p>\n<p>&nbsp;<\/p>\n<h2><a href=\"https:\/\/pazcondios.com\/?page_id=11172\">Depresi\u00f3n y el Evangelio: Un Seminario Especial<\/a><\/h2>\n<blockquote><p>En este seminario, vemos la realidad de la depresi\u00f3n, y tambi\u00e9n como luchar con el Evangelio cuando nos encontramos en momentos de depresi\u00f3n y melancol\u00eda.<\/p><\/blockquote>\n<p>&nbsp;<\/p>\n<p>&nbsp;<\/p>\n<h2><a href=\"https:\/\/pazcondios.com\/?page_id=5687\">C\u00f3mo Tratar los Temas del Sexo y Matrimonio<\/a><\/h2>\n<a href=\"https:\/\/pazcondios.com\/?page_id=5687\"><img loading=\"lazy\" decoding=\"async\" width=\"150\" height=\"200\" class=\" alignleft\" style=\"display: block; border: 1px solid gray; margin-left: auto; margin-right: auto;\" src=\"http:\/\/imagenes.pazcondios.com\/matrimonio_seminario_cuadro.jpg\" alt=\"\" \/><\/a>\n<blockquote><p>En este seminario, veremos c\u00f3mo glorificar a Dios en nuestra vida matrimonial y rom\u00e1ntica.<\/p><\/blockquote>\n<p>&nbsp;<\/p>\n<p>&nbsp;<\/p>\n<h2><a href=\"https:\/\/pazcondios.com\/?page_id=5354\">C\u00f3mo Ser Instrumentos de Transformaci\u00f3n<\/a><\/h2>\n<a href=\"https:\/\/pazcondios.com\/?page_id=5354\"><img loading=\"lazy\" decoding=\"async\" width=\"150\" height=\"200\" class=\" alignleft\" style=\"display: block; border: 1px solid gray; margin-left: auto; margin-right: auto;\" src=\"http:\/\/imagenes.pazcondios.com\/instrumentos_cuadro.jpg\" alt=\"\" \/><\/a>\n<blockquote><p>En este seminario, veremos c\u00f3mo ser instrumentos de la transformaci\u00f3n de Dios.<\/p><\/blockquote>\n<p>&nbsp;<\/p>\n<p>&nbsp;<\/p>\n<h2><a href=\"https:\/\/pazcondios.com\/?page_id=4796\">C\u00f3mo Desarrollar Ra\u00edces Profundas<\/a><\/h2>\n<a href=\"https:\/\/pazcondios.com\/?page_id=4796\"><img loading=\"lazy\" decoding=\"async\" width=\"150\" height=\"200\" class=\" alignleft\" style=\"display: block; border: 1px solid gray; margin-left: auto; margin-right: auto;\" src=\"http:\/\/imagenes.pazcondios.com\/raicesprofundas_cuadro.jpg\" alt=\"\" \/><\/a>\n<blockquote><p>En este seminario, veremos c\u00f3mo guiar a otras personas a madurarse en su fe, y as\u00ed desarrollar ra\u00edces profundas en Cristo.<\/p><\/blockquote>\n<p>&nbsp;<\/p>\n<p>&nbsp;<\/p>\n<h2><a href=\"https:\/\/pazcondios.com\/?page_id=4533\">C\u00f3mo Preparar Mensajes de Impacto<\/a><\/h2>\n<a href=\"https:\/\/pazcondios.com\/?page_id=4533\"><img loading=\"lazy\" decoding=\"async\" width=\"150\" height=\"200\" class=\" alignleft\" style=\"display: block; border: 1px solid gray; margin-left: auto; margin-right: auto;\" src=\"http:\/\/imagenes.iwantpeacewithgod.com\/mensajesdeimpacto_cuadro.jpg\" alt=\"\" \/><\/a>\n<blockquote><p>En este seminario, veremos c\u00f3mo podemos preparar sermones, pr\u00e9dicas y estudios que tengan un impacto en nuestros oyentes.<\/p><\/blockquote>\n","protected":false},"excerpt":{"rendered":"<p>Para ayudarte en tu ministerio, publicamos seminarios en l\u00ednea. Los puedes ver en cualquier momento que deseas, y compartir con otros l\u00edderes o miembros de tu iglesia. Todos son completamente gratis. Seminario: Preocupaci\u00f3n, Ansiedad y el Evangelio Todos pasamos por muchos momentos en que sentimos preocupaciones, ansiedades y a\u00fan depresi\u00f3n. Y todos luchamos por saber [&hellip;]<\/p>\n","protected":false},"author":1,"featured_media":0,"parent":0,"menu_order":0,"comment_status":"open","ping_status":"open","template":"","meta":{"jetpack_post_was_ever_published":false,"footnotes":""},"class_list":["post-5121","page","type-page","status-publish"],"jetpack_sharing_enabled":true,"jetpack_shortlink":"https:\/\/wp.me\/P6g7I5-1kB","_links":{"self":[{"href":"https:\/\/pazcondios.com\/index.php?rest_route=\/wp\/v2\/pages\/5121","targetHints":{"allow":["GET"]}}],"collection":[{"href":"https:\/\/pazcondios.com\/index.php?rest_route=\/wp\/v2\/pages"}],"about":[{"href":"https:\/\/pazcondios.com\/index.php?rest_route=\/wp\/v2\/types\/page"}],"author":[{"embeddable":true,"href":"https:\/\/pazcondios.com\/index.php?rest_route=\/wp\/v2\/users\/1"}],"replies":[{"embeddable":true,"href":"https:\/\/pazcondios.com\/index.php?rest_route=%2Fwp%2Fv2%2Fcomments&post=5121"}],"version-history":[{"count":13,"href":"https:\/\/pazcondios.com\/index.php?rest_route=\/wp\/v2\/pages\/5121\/revisions"}],"predecessor-version":[{"id":11775,"href":"https:\/\/pazcondios.com\/index.php?rest_route=\/wp\/v2\/pages\/5121\/revisions\/11775"}],"wp:attachment":[{"href":"https:\/\/pazcondios.com\/index.php?rest_route=%2Fwp%2Fv2%2Fmedia&parent=5121"}],"curies":[{"name":"wp","href":"https:\/\/api.w.org\/{rel}","templated":true}]}}